{"id":4589,"date":"2025-07-07T16:38:23","date_gmt":"2025-07-07T14:38:23","guid":{"rendered":"https:\/\/institutdelafinancedurable.com\/agenda-2\/"},"modified":"2025-07-07T16:38:23","modified_gmt":"2025-07-07T14:38:23","slug":"agenda-2","status":"publish","type":"page","link":"https:\/\/financefortomorrow.com\/en\/agenda-2\/","title":{"rendered":"Agenda"},"content":{"rendered":"<div class=\"espace pb-4 pb-lg-9\"><\/div>","protected":false},"excerpt":{"rendered":"Find out more about the events organized by the Institut de la Finance Durable, its partners and its ecosystem. ","protected":false},"author":1,"featured_media":0,"parent":0,"menu_order":0,"comment_status":"closed","ping_status":"closed","template":"template-agenda.php","meta":{"_acf_changed":false,"footnotes":""},"class_list":["post-4589","page","type-page","status-publish","hentry"],"acf":[],"yoast_head":"<!-- This site is optimized with the Yoast SEO plugin v23.9 - https:\/\/yoast.com\/wordpress\/plugins\/seo\/ -->\n<title>Agenda et \u00e9v\u00e8nements de la Finance durable - IFD<\/title>\n<meta name=\"description\" content=\"L\u2019Institut de la Finance Durable organise r\u00e9guli\u00e8rement des \u00e9v\u00e9nements, webinars, ateliers, afterworks, etc.Venez nous y rencontrer et \u00e9changeons ensemble !\" \/>\n<meta name=\"robots\" content=\"index, follow, max-snippet:-1, max-image-preview:large, max-video-preview:-1\" \/>\n<link rel=\"canonical\" href=\"https:\/\/financefortomorrow.com\/en\/wp-json\/wp\/v2\/pages\/4589\/\" \/>\n<meta property=\"og:locale\" content=\"en_US\" \/>\n<meta property=\"og:type\" content=\"article\" \/>\n<meta property=\"og:title\" content=\"Agenda et \u00e9v\u00e8nements de la Finance durable - IFD\" \/>\n<meta property=\"og:description\" content=\"L\u2019Institut de la Finance Durable organise r\u00e9guli\u00e8rement des \u00e9v\u00e9nements, webinars, ateliers, afterworks, etc.Venez nous y rencontrer et \u00e9changeons ensemble !\" \/>\n<meta property=\"og:url\" content=\"https:\/\/financefortomorrow.com\/en\/agenda-2\/\" \/>\n<meta property=\"og:site_name\" content=\"Institut de la finance durable\" \/>\n<meta name=\"twitter:card\" content=\"summary_large_image\" \/>\n<script type=\"application\/ld+json\" class=\"yoast-schema-graph\">{\"@context\":\"https:\/\/schema.org\",\"@graph\":[{\"@type\":\"WebPage\",\"@id\":\"https:\/\/financefortomorrow.com\/en\/agenda-2\/\",\"url\":\"https:\/\/financefortomorrow.com\/en\/agenda-2\/\",\"name\":\"Agenda et \u00e9v\u00e8nements de la Finance durable - IFD\",\"isPartOf\":{\"@id\":\"https:\/\/institutdelafinancedurable.com\/#website\"},\"datePublished\":\"2025-07-07T14:38:23+00:00\",\"dateModified\":\"2025-07-07T14:38:23+00:00\",\"description\":\"L\u2019Institut de la Finance Durable organise r\u00e9guli\u00e8rement des \u00e9v\u00e9nements, webinars, ateliers, afterworks, etc.Venez nous y rencontrer et \u00e9changeons ensemble !\",\"breadcrumb\":{\"@id\":\"https:\/\/financefortomorrow.com\/en\/agenda-2\/#breadcrumb\"},\"inLanguage\":\"en-US\",\"potentialAction\":[{\"@type\":\"ReadAction\",\"target\":[\"https:\/\/financefortomorrow.com\/en\/agenda-2\/\"]}]},{\"@type\":\"BreadcrumbList\",\"@id\":\"https:\/\/financefortomorrow.com\/en\/agenda-2\/#breadcrumb\",\"itemListElement\":[{\"@type\":\"ListItem\",\"position\":1,\"name\":\"Accueil\",\"item\":\"https:\/\/institutdelafinancedurable.fr\/en\/\"},{\"@type\":\"ListItem\",\"position\":2,\"name\":\"Agenda\"}]},{\"@type\":\"WebSite\",\"@id\":\"https:\/\/institutdelafinancedurable.com\/#website\",\"url\":\"https:\/\/institutdelafinancedurable.com\/\",\"name\":\"Institut de la finance durable\",\"description\":\"\",\"potentialAction\":[{\"@type\":\"SearchAction\",\"target\":{\"@type\":\"EntryPoint\",\"urlTemplate\":\"https:\/\/institutdelafinancedurable.com\/?s={search_term_string}\"},\"query-input\":{\"@type\":\"PropertyValueSpecification\",\"valueRequired\":true,\"valueName\":\"search_term_string\"}}],\"inLanguage\":\"en-US\"}]}<\/script>\n<!-- \/ Yoast SEO plugin. -->","yoast_head_json":{"title":"Agenda et \u00e9v\u00e8nements de la Finance durable - IFD","description":"L\u2019Institut de la Finance Durable organise r\u00e9guli\u00e8rement des \u00e9v\u00e9nements, webinars, ateliers, afterworks, etc.Venez nous y rencontrer et \u00e9changeons ensemble !","robots":{"index":"index","follow":"follow","max-snippet":"max-snippet:-1","max-image-preview":"max-image-preview:large","max-video-preview":"max-video-preview:-1"},"canonical":"https:\/\/financefortomorrow.com\/en\/wp-json\/wp\/v2\/pages\/4589\/","og_locale":"en_US","og_type":"article","og_title":"Agenda et \u00e9v\u00e8nements de la Finance durable - IFD","og_description":"L\u2019Institut de la Finance Durable organise r\u00e9guli\u00e8rement des \u00e9v\u00e9nements, webinars, ateliers, afterworks, etc.Venez nous y rencontrer et \u00e9changeons ensemble !","og_url":"https:\/\/financefortomorrow.com\/en\/agenda-2\/","og_site_name":"Institut de la finance durable","twitter_card":"summary_large_image","schema":{"@context":"https:\/\/schema.org","@graph":[{"@type":"WebPage","@id":"https:\/\/financefortomorrow.com\/en\/agenda-2\/","url":"https:\/\/financefortomorrow.com\/en\/agenda-2\/","name":"Agenda et \u00e9v\u00e8nements de la Finance durable - IFD","isPartOf":{"@id":"https:\/\/institutdelafinancedurable.com\/#website"},"datePublished":"2025-07-07T14:38:23+00:00","dateModified":"2025-07-07T14:38:23+00:00","description":"L\u2019Institut de la Finance Durable organise r\u00e9guli\u00e8rement des \u00e9v\u00e9nements, webinars, ateliers, afterworks, etc.Venez nous y rencontrer et \u00e9changeons ensemble !","breadcrumb":{"@id":"https:\/\/financefortomorrow.com\/en\/agenda-2\/#breadcrumb"},"inLanguage":"en-US","potentialAction":[{"@type":"ReadAction","target":["https:\/\/financefortomorrow.com\/en\/agenda-2\/"]}]},{"@type":"BreadcrumbList","@id":"https:\/\/financefortomorrow.com\/en\/agenda-2\/#breadcrumb","itemListElement":[{"@type":"ListItem","position":1,"name":"Accueil","item":"https:\/\/institutdelafinancedurable.fr\/en\/"},{"@type":"ListItem","position":2,"name":"Agenda"}]},{"@type":"WebSite","@id":"https:\/\/institutdelafinancedurable.com\/#website","url":"https:\/\/institutdelafinancedurable.com\/","name":"Institut de la finance durable","description":"","potentialAction":[{"@type":"SearchAction","target":{"@type":"EntryPoint","urlTemplate":"https:\/\/institutdelafinancedurable.com\/?s={search_term_string}"},"query-input":{"@type":"PropertyValueSpecification","valueRequired":true,"valueName":"search_term_string"}}],"inLanguage":"en-US"}]}},"_links":{"self":[{"href":"https:\/\/financefortomorrow.com\/en\/wp-json\/wp\/v2\/pages\/4589","targetHints":{"allow":["GET"]}}],"collection":[{"href":"https:\/\/financefortomorrow.com\/en\/wp-json\/wp\/v2\/pages"}],"about":[{"href":"https:\/\/financefortomorrow.com\/en\/wp-json\/wp\/v2\/types\/page"}],"author":[{"embeddable":true,"href":"https:\/\/financefortomorrow.com\/en\/wp-json\/wp\/v2\/users\/1"}],"replies":[{"embeddable":true,"href":"https:\/\/financefortomorrow.com\/en\/wp-json\/wp\/v2\/comments?post=4589"}],"version-history":[{"count":0,"href":"https:\/\/financefortomorrow.com\/en\/wp-json\/wp\/v2\/pages\/4589\/revisions"}],"wp:attachment":[{"href":"https:\/\/financefortomorrow.com\/en\/wp-json\/wp\/v2\/media?parent=4589"}],"curies":[{"name":"wp","href":"https:\/\/api.w.org\/{rel}","templated":true}]}}