{"id":4583,"date":"2023-07-18T11:48:01","date_gmt":"2023-07-18T09:48:01","guid":{"rendered":"https:\/\/institutdelafinancedurable.com\/our-governance\/"},"modified":"2026-03-27T11:28:04","modified_gmt":"2026-03-27T10:28:04","slug":"our-governance","status":"publish","type":"page","link":"https:\/\/financefortomorrow.com\/en\/who-we-are\/our-governance\/","title":{"rendered":"Our governance"},"content":{"rendered":"\t<!-- START OF : Composant : block-periscope-theme-section-composant-14-bloc-contenu-texte.php -->\n<div class=\"container\" data-component=\"14-bloc-contenu-texte\">\n\t\t\t\t<p>The IFD is a specific branch of Paris EUROPLACE. The Board of Directors is responsible for defining and monitoring the projects and action plan of the Institut de la Finance Durable. It oversees their implementation by the Executive Board and the Managing Director. The Board meets at least three times a year. The Executive Board is responsible for implementing the projects and action plan decided by the Institut de la Finance Durable Board. Its members are appointed by the Institut de la Finance Durable Board on the recommendation of its Chairman.<\/p>\t<\/div>\n\t<!-- END OF : Composant : block-periscope-theme-section-composant-14-bloc-contenu-texte.php -->\n\n\n<div class=\"espace pb-4 pb-lg-9\"><\/div>\n\n\t<!-- START OF : Composant : block-periscope-theme-section-composant-14-bloc-contenu-texte.php -->\n<div class=\"container\" data-component=\"14-bloc-contenu-texte\">\n\t\t\t<h2 class=\"text-primary\">Board of Directors<\/h2>\n\t\t\t\t<p>Yves Perrier is Chairman of the Institut de la Finance Durable. The Board of Directors is made up of senior executives from industry, the financial sector and professional federations, as well as representatives of public authorities and qualified personalities from . Board members are appointed by the association&#8217;s Board of Directors on the recommendation of the Chairman of the Institut de la Finance Durable.<\/p>\t<\/div>\n\t<!-- END OF : Composant : block-periscope-theme-section-composant-14-bloc-contenu-texte.php -->\n\n\n\n<div class=\"container\"><figure class=\"wp-block-table is-style-stripes has-small-font-size\"><table class=\"has-text-color has-link-color\" style=\"color:#02305d\"><thead><tr><th>Pr\u00e9sidence<\/th><th class=\"has-text-align-left\" data-align=\"left\"><strong>Entreprises<\/strong><\/th><th><strong>Pouvoirs publics<\/strong><\/th><th><strong>Membre de droit<\/strong><\/th><\/tr><\/thead><tbody><tr><td><strong>Yves PERRIER<\/strong>, Chairman, Institut de la Finance Durable | Vice-Chairman, Paris EUROPLACE<\/td><td class=\"has-text-align-left\" data-align=\"left\"><strong>Jean-Pierre CLAMADIEU<\/strong>, Chairman, ENGIE<br><strong>Angeles GARCIA POVEDA<\/strong>, Chairman, LEGRAND<br><strong>Patrice MOROT<\/strong>, Chairman, PWC<br><strong>Alexandre SAUBOT<\/strong>, Chief Executive Officer, HAULOTTE &amp; Chairman, France Industrie<br><strong>Jean-Dominique SENARD<\/strong>, Chairman, RENAULT Group<\/td><td><strong>Marie-Anne BARBAT-LAYANI<\/strong>, Chairman, AMF<br><strong>Brice HUET<\/strong>, Commissioner General for Sustainable Development<br><strong>Bertrand DUMONT<\/strong>, Director General of the Treasury<br><strong>Emmanuelle ASSOUAN<\/strong>, Director General for Financial Stability and Operations, Banque de France<\/td><td><strong>Olivier VIGNA<\/strong>, Chief Executive Officer, Paris EUROPLACE<\/td><\/tr><\/tbody><\/table><\/div><\/figure>\n\n\n\n<div class=\"container\"><figure class=\"wp-block-table has-small-font-size\"><table class=\"has-text-color has-link-color\" style=\"color:#02305d\"><thead><tr><th><strong>Institutions financi\u00e8res<\/strong><\/th><th><strong>Personnalit\u00e9s qualifi\u00e9es<\/strong><\/th><th><strong>Sont invit\u00e9s \u00e0 assister aux r\u00e9unions du Conseil d\u2019administration<\/strong><\/th><\/tr><\/thead><tbody><tr><td><strong>Maya ATIG<\/strong>, Chief Executive Officer, FBF<br><strong>Ulrike DECOENE<\/strong>, Chief Financial Officer, AXA<br><strong>Julien CARMONA<\/strong>, Chairman, Cr\u00e9dit Mutuel Ark\u00e9a<br><strong>Kyril COURBOUIN<\/strong>, Chairman, JPMORGAN France<br><strong>Adrien COURET<\/strong>, CEO, A\u00e9ma Groupe<br><strong>Delphine D\u2019AMARZIT<\/strong>, Chief Executive Officer, EURONEXT Paris<br><strong>Vanessa HOLTZ<\/strong>, Chief Executive Officer, Bank of America Securities Europe &amp; Country Head, Bank of America France<br><strong>Pierre PALMIERI<\/strong>, Deputy Chief Executive Officer, Soci\u00e9t\u00e9 G\u00e9n\u00e9rale<br><strong>Thomas LABERG\u00c8RE<\/strong>, CEO, ING France<br><strong>Fran\u00e7oise LOMBARD<\/strong>, CEO, Proparco<br><strong>Jean LEMIERRE<\/strong>, Chairman, BNP Paribas<br><strong>Florence LUSTMAN<\/strong>, Chairman, France Assureurs<br><strong>Olivier MAREUSE<\/strong>, Director of Asset Management and Savings Fund, Groupe Caisse des D\u00e9p\u00f4ts<br><strong>Laurent MIGNON<\/strong>, Chairman, WENDEL<br><strong>Nicolas NAMIAS<\/strong>, Chairman, BPCE<br><strong>Laurence PARISOT<\/strong>, Chairman, CITI Group<br><strong>Philippe SETBON<\/strong>, Chairman, Natixis IM<\/td><td><strong>Bertrand BADR\u00c9<\/strong>, Managing Partner, Blue like an Orange Sustainable Capital<br><strong>Julien DENORMANDIE<\/strong>, Chief Impact Officer, Sweep<br><strong>Jean JOUZEL<\/strong>, Climatologist (CEA LSCE), Former Vice-Chairman, IPCC<br><strong>Robert OPH\u00c8LE<\/strong>, Chairman, ANC<br><strong>Sylvain WASERMAN<\/strong>, Chief Executive Officer, ADEME<br><strong>Patrick LEVY-WAITZ<\/strong>, Member of the Board, CESE<br><strong>Mich\u00e8le PAPPALARDO<\/strong>, Chairman, ISR Label Committee<\/td><td>Chairman of the Investors\u2019 College, Paris Europlace: <strong>Val\u00e9rie BAUDSON<\/strong>, Chief Executive Officer, Amundi<br>Chairman of the Companies\u2019 College, Paris Europlace: <strong>Xavier GIRRE<\/strong>, Executive Director, EDF<\/td><\/tr><\/tbody><\/table><\/div><\/figure>\n\n\n<div class=\"espace pb-4 pb-lg-9\"><\/div>\n\n\t<!-- START OF : Composant : block-periscope-theme-section-composant-14-bloc-contenu-texte.php -->\n<div class=\"container\" data-component=\"14-bloc-contenu-texte\">\n\t\t\t\t<div class='boxes__box-title'>\n<h2>Executive Board<\/h2>\n<\/div>\n<div class='boxes__box-text'>The Executive Board is chaired by the Chairman of the Board or, in his absence, by the Vice-Chairman. It is responsible for implementing the projects and action plan decided by the Board of the Institut de la Finance Durable. Its members are appointed by the Institut de la Finance Durable&#8217;s Board of Directors on the recommendation of its Chairman.<\/div>\n\t<\/div>\n\t<!-- END OF : Composant : block-periscope-theme-section-composant-14-bloc-contenu-texte.php -->\n\n\n\n<div class=\"container\"><figure class=\"wp-block-table is-style-regular has-small-font-size\"><table class=\"has-vivid-red-color has-text-color has-link-color has-fixed-layout\"><thead><tr><th><strong>Assureurs et investisseurs<\/strong><br><strong>institutionnels<\/strong><\/th><th><strong>Banques<\/strong><\/th><th><strong>Entreprises<\/strong><\/th><th><strong>Paris EUROPLACE\/ IFD<\/strong><\/th><\/tr><\/thead><tbody><tr><td><strong>Gilles MO\u00cbC<\/strong>, Chief Economist, AXA \u2014 Alternate: <strong>Olivier POISSONNEAU<\/strong>, Public Affairs Manager, AXA<\/td><td><strong>Laurence PESSEZ-HUBLOT<\/strong>, Head of CSR, BNP Paribas \u2014 Alternate: <strong>Julie MILLER<\/strong>, BNP Paribas<br>Cr\u00e9dit Agricole<\/td><td><strong>Elisabeth BERTIN<\/strong>, Delegate for Energy Markets &amp; Sustainable Finance, Group Strategy Department, EDF \u2014 Alternate: <strong>Bernard DESCREUX<\/strong>, Director of Financing &amp; Treasury, EDF<br><strong>Nicolas LIOLIAKIS<\/strong>, Chairman, Kearney Global Business Policy Council<\/td><td><strong>Jean-Charles SIMON<\/strong>, Chief Executive Officer, Paris EUROPLACE<br><strong>C\u00e9cile GOUBET<\/strong>, Chief Executive Officer, Institut de la Finance Durable<\/td><\/tr><\/tbody><\/table><\/div><\/figure>\n\n\n\n<div class=\"container\"><figure class=\"wp-block-table is-style-regular has-small-font-size\"><table class=\"has-text-color has-link-color has-fixed-layout\" style=\"color:#02305d\"><thead><tr><th><strong>Conseil, agences de notation<\/strong><br><strong>et fournisseurs de donn\u00e9es<\/strong><\/th><th><strong>Soci\u00e9t\u00e9s de gestion, Fonds<\/strong><br><strong>et private equity<\/strong><\/th><th><strong>Think tanks, recherche, personnalit\u00e9s qualifi\u00e9es<\/strong><\/th><\/tr><\/thead><tbody><tr><td><strong>Alain GRANDJEAN<\/strong>, Co-Founder &amp; Partner, Carbon4 Finance \u2014 Alternate: <strong>Melissa PEREZ<\/strong>, Head of Sales &amp; Advocacy, Carbon4 Finance<br><strong>Sylvain LAMBERT<\/strong>, Partner, Sustainable Development, PwC<br><strong>Nicolas LIOLIAKIS<\/strong>, Partner, Kearney<\/td><td><strong>H\u00e9l\u00e9na CHARRIER<\/strong>, Head of SRI Solutions, La Banque Postale Asset Management \u2014 Alternate: <strong>Guillaume LASSERRE<\/strong>, Deputy Head of Asset Management, La Banque Postale Asset Management<br><strong>Jean-Jacques BARBERIS<\/strong>, Head of Coverage for Institutional &amp; Corporate Clients, Member of the Executive Committee, Amundi<br><strong>Stanislas POTTIER<\/strong>, Advisor to the Chairman, Amundi<\/td><td><strong>Marie BRI\u00c8RE<\/strong>, Chief Executive Officer, ILB \u2014 Alternate: <strong>St\u00e9phane VOISIN<\/strong>, Director of Research, ILB<br><strong>Mathieu GARNERO<\/strong>, Director, FINANCE CLIM\u2019ACT Project, ADEME<\/td><\/tr><\/tbody><\/table><\/div><\/figure>\n\n\n\n<div class=\"container\"><figure class=\"wp-block-table has-small-font-size\"><table class=\"has-text-color has-link-color has-fixed-layout\" style=\"color:#02305d\"><thead><tr><th><strong>F\u00e9d\u00e9rations professionnelles<\/strong><\/th><th><strong>Pouvoirs publics<\/strong><\/th><\/tr><\/thead><tbody><tr><td><strong>Etienne BAREL<\/strong>, Deputy Chief Executive Officer, FBF \u2014 Alternate: <strong>Sebastien SOLEILLE<\/strong>, Head of Sustainable Finance Department, FBF<br><strong>Laure DELAHOUSSE<\/strong>, Chief Executive Officer, AFG \u2014 Alternate: <strong>Adina GURAU AUDIBERT<\/strong>, Head of Expertise, AFG<br><strong>V\u00e9ronique DONNADIEU<\/strong>, Chief Executive Officer, ASPIM<br><strong>Alexis DUPONT<\/strong>, Chief Executive Officer, France Invest \u2014 Alternate: <strong>Damien BRISEMONTIER<\/strong>, Head of Institutional Affairs &amp; Sustainable Finance, France Invest<br><strong>St\u00e9phanie HUBERT<\/strong>, Chief Executive Officer, AMAFI<br><strong>Paul ESMEIN<\/strong>, Chief Executive Officer, France Assureurs \u2014 Alternate: <strong>Olivier GOUR<\/strong>, Director of Finance &amp; Investment, France Assureurs<br><strong>Christine LEPAGE<\/strong>, Deputy Chief Executive Officer, MEDEF \u2014 Alternate: <strong>Karine MERLE<\/strong>, MEDEF<br><strong>Eric SIDOT<\/strong>, Chief Executive Officer, AF2I<\/td><td><strong>Yann MARIN<\/strong>, Deputy Director of Financial Stability, Banque de France \u2014 Alternate: <strong>Thomas BERETTI<\/strong>, Head of Division, Banque de France<br><strong>Sandrine MENARD<\/strong>, Deputy Director of Corporate Financing and Financial Markets, Directorate General of the Treasury, Ministry of Economy and Finance<br><strong>Audrey COREAU<\/strong>, Head of the Green and Inclusive Economy Department, Commissioner General for Sustainable Development \u2014 Alternate: <strong>Julie HANOT<\/strong>, Deputy Director of Enterprises, Commissioner General for Sustainable Development<\/td><\/tr><\/tbody><\/table><\/div><\/figure>\n\n\n<div class=\"espace pb-4 pb-lg-9\"><\/div>\n\n\t<!-- START OF : Composant : block-periscope-theme-section-composant-14-bloc-contenu-texte.php -->\n<div class=\"container\" data-component=\"14-bloc-contenu-texte\">\n\t\t\t<h2 class=\"text-primary\">Full Committee<\/h2>\n\t\t\t\t<div class='boxes__box-text'>\n<div class='boxes__box-text'>\n<div class='boxes__box-text'>The plenary committee of the Institut de la Finance Durable is made up of all partner members. It meets at least once a year.<\/div>\n<\/div>\n<\/div>\n\t<\/div>\n\t<!-- END OF : Composant : block-periscope-theme-section-composant-14-bloc-contenu-texte.php -->\n","protected":false},"excerpt":{"rendered":"Pr\u00e9sidenceEntreprisesPouvoirs publicsMembre de droitYves PERRIER, Chairman, Institut de la Finance Durable | Vice-Chairman, Paris EUROPLACEJean-Pierre CLAMADIEU, Chairman, ENGIEAngeles GARCIA POVEDA, Chairman, LEGRANDPatrice MOROT, Chairman, PWCAlexandre SAUBOT, Chief Executive Officer, HAULOTTE &amp; Chairman, France IndustrieJean-Dominique SENARD, Chairman, RENAULT GroupMarie-Anne BARBAT-LAYANI, Chairman, AMFBrice HUET, Commissioner General for Sustainable DevelopmentBertrand DUMONT, Director General of the TreasuryEmmanuelle ASSOUAN, Director [&hellip;]","protected":false},"author":1,"featured_media":0,"parent":4577,"menu_order":3,"comment_status":"closed","ping_status":"closed","template":"","meta":{"_acf_changed":false,"footnotes":""},"class_list":["post-4583","page","type-page","status-publish","hentry"],"acf":[],"yoast_head":"<!-- This site is optimized with the Yoast SEO plugin v23.9 - https:\/\/yoast.com\/wordpress\/plugins\/seo\/ -->\n<title>Our governance - Institut de la finance durable<\/title>\n<meta name=\"robots\" content=\"index, follow, max-snippet:-1, max-image-preview:large, max-video-preview:-1\" \/>\n<link rel=\"canonical\" href=\"https:\/\/financefortomorrow.com\/en\/wp-json\/wp\/v2\/pages\/4583\/\" \/>\n<meta property=\"og:locale\" content=\"en_US\" \/>\n<meta property=\"og:type\" content=\"article\" \/>\n<meta property=\"og:title\" content=\"Our governance - Institut de la finance durable\" \/>\n<meta property=\"og:description\" content=\"Pr\u00e9sidenceEntreprisesPouvoirs publicsMembre de droitYves PERRIER, Chairman, Institut de la Finance Durable | Vice-Chairman, Paris EUROPLACEJean-Pierre CLAMADIEU, Chairman, ENGIEAngeles GARCIA POVEDA, Chairman, LEGRANDPatrice MOROT, Chairman, PWCAlexandre SAUBOT, Chief Executive Officer, HAULOTTE &amp; Chairman, France IndustrieJean-Dominique SENARD, Chairman, RENAULT GroupMarie-Anne BARBAT-LAYANI, Chairman, AMFBrice HUET, Commissioner General for Sustainable DevelopmentBertrand DUMONT, Director General of the TreasuryEmmanuelle ASSOUAN, Director [&hellip;]\" \/>\n<meta property=\"og:url\" content=\"https:\/\/financefortomorrow.com\/en\/who-we-are\/our-governance\/\" \/>\n<meta property=\"og:site_name\" content=\"Institut de la finance durable\" \/>\n<meta property=\"article:modified_time\" content=\"2026-03-27T10:28:04+00:00\" \/>\n<meta name=\"twitter:card\" content=\"summary_large_image\" \/>\n<meta name=\"twitter:label1\" content=\"Est. reading time\" \/>\n\t<meta name=\"twitter:data1\" content=\"4 minutes\" \/>\n<script type=\"application\/ld+json\" class=\"yoast-schema-graph\">{\"@context\":\"https:\/\/schema.org\",\"@graph\":[{\"@type\":\"WebPage\",\"@id\":\"https:\/\/financefortomorrow.com\/en\/who-we-are\/our-governance\/\",\"url\":\"https:\/\/financefortomorrow.com\/en\/who-we-are\/our-governance\/\",\"name\":\"Our governance - Institut de la finance durable\",\"isPartOf\":{\"@id\":\"https:\/\/institutdelafinancedurable.com\/#website\"},\"datePublished\":\"2023-07-18T09:48:01+00:00\",\"dateModified\":\"2026-03-27T10:28:04+00:00\",\"breadcrumb\":{\"@id\":\"https:\/\/financefortomorrow.com\/en\/who-we-are\/our-governance\/#breadcrumb\"},\"inLanguage\":\"en-US\",\"potentialAction\":[{\"@type\":\"ReadAction\",\"target\":[\"https:\/\/financefortomorrow.com\/en\/who-we-are\/our-governance\/\"]}]},{\"@type\":\"BreadcrumbList\",\"@id\":\"https:\/\/financefortomorrow.com\/en\/who-we-are\/our-governance\/#breadcrumb\",\"itemListElement\":[{\"@type\":\"ListItem\",\"position\":1,\"name\":\"Accueil\",\"item\":\"https:\/\/institutdelafinancedurable.fr\/en\/\"},{\"@type\":\"ListItem\",\"position\":2,\"name\":\"Who we are\",\"item\":\"https:\/\/institutdelafinancedurable.org\/en\/who-we-are\/\"},{\"@type\":\"ListItem\",\"position\":3,\"name\":\"Our governance\"}]},{\"@type\":\"WebSite\",\"@id\":\"https:\/\/institutdelafinancedurable.com\/#website\",\"url\":\"https:\/\/institutdelafinancedurable.com\/\",\"name\":\"Institut de la finance durable\",\"description\":\"\",\"potentialAction\":[{\"@type\":\"SearchAction\",\"target\":{\"@type\":\"EntryPoint\",\"urlTemplate\":\"https:\/\/institutdelafinancedurable.com\/?s={search_term_string}\"},\"query-input\":{\"@type\":\"PropertyValueSpecification\",\"valueRequired\":true,\"valueName\":\"search_term_string\"}}],\"inLanguage\":\"en-US\"}]}<\/script>\n<!-- \/ Yoast SEO plugin. -->","yoast_head_json":{"title":"Our governance - Institut de la finance durable","robots":{"index":"index","follow":"follow","max-snippet":"max-snippet:-1","max-image-preview":"max-image-preview:large","max-video-preview":"max-video-preview:-1"},"canonical":"https:\/\/financefortomorrow.com\/en\/wp-json\/wp\/v2\/pages\/4583\/","og_locale":"en_US","og_type":"article","og_title":"Our governance - Institut de la finance durable","og_description":"Pr\u00e9sidenceEntreprisesPouvoirs publicsMembre de droitYves PERRIER, Chairman, Institut de la Finance Durable | Vice-Chairman, Paris EUROPLACEJean-Pierre CLAMADIEU, Chairman, ENGIEAngeles GARCIA POVEDA, Chairman, LEGRANDPatrice MOROT, Chairman, PWCAlexandre SAUBOT, Chief Executive Officer, HAULOTTE &amp; Chairman, France IndustrieJean-Dominique SENARD, Chairman, RENAULT GroupMarie-Anne BARBAT-LAYANI, Chairman, AMFBrice HUET, Commissioner General for Sustainable DevelopmentBertrand DUMONT, Director General of the TreasuryEmmanuelle ASSOUAN, Director [&hellip;]","og_url":"https:\/\/financefortomorrow.com\/en\/who-we-are\/our-governance\/","og_site_name":"Institut de la finance durable","article_modified_time":"2026-03-27T10:28:04+00:00","twitter_card":"summary_large_image","twitter_misc":{"Est. reading time":"4 minutes"},"schema":{"@context":"https:\/\/schema.org","@graph":[{"@type":"WebPage","@id":"https:\/\/financefortomorrow.com\/en\/who-we-are\/our-governance\/","url":"https:\/\/financefortomorrow.com\/en\/who-we-are\/our-governance\/","name":"Our governance - Institut de la finance durable","isPartOf":{"@id":"https:\/\/institutdelafinancedurable.com\/#website"},"datePublished":"2023-07-18T09:48:01+00:00","dateModified":"2026-03-27T10:28:04+00:00","breadcrumb":{"@id":"https:\/\/financefortomorrow.com\/en\/who-we-are\/our-governance\/#breadcrumb"},"inLanguage":"en-US","potentialAction":[{"@type":"ReadAction","target":["https:\/\/financefortomorrow.com\/en\/who-we-are\/our-governance\/"]}]},{"@type":"BreadcrumbList","@id":"https:\/\/financefortomorrow.com\/en\/who-we-are\/our-governance\/#breadcrumb","itemListElement":[{"@type":"ListItem","position":1,"name":"Accueil","item":"https:\/\/institutdelafinancedurable.fr\/en\/"},{"@type":"ListItem","position":2,"name":"Who we are","item":"https:\/\/institutdelafinancedurable.org\/en\/who-we-are\/"},{"@type":"ListItem","position":3,"name":"Our governance"}]},{"@type":"WebSite","@id":"https:\/\/institutdelafinancedurable.com\/#website","url":"https:\/\/institutdelafinancedurable.com\/","name":"Institut de la finance durable","description":"","potentialAction":[{"@type":"SearchAction","target":{"@type":"EntryPoint","urlTemplate":"https:\/\/institutdelafinancedurable.com\/?s={search_term_string}"},"query-input":{"@type":"PropertyValueSpecification","valueRequired":true,"valueName":"search_term_string"}}],"inLanguage":"en-US"}]}},"_links":{"self":[{"href":"https:\/\/financefortomorrow.com\/en\/wp-json\/wp\/v2\/pages\/4583","targetHints":{"allow":["GET"]}}],"collection":[{"href":"https:\/\/financefortomorrow.com\/en\/wp-json\/wp\/v2\/pages"}],"about":[{"href":"https:\/\/financefortomorrow.com\/en\/wp-json\/wp\/v2\/types\/page"}],"author":[{"embeddable":true,"href":"https:\/\/financefortomorrow.com\/en\/wp-json\/wp\/v2\/users\/1"}],"replies":[{"embeddable":true,"href":"https:\/\/financefortomorrow.com\/en\/wp-json\/wp\/v2\/comments?post=4583"}],"version-history":[{"count":5,"href":"https:\/\/financefortomorrow.com\/en\/wp-json\/wp\/v2\/pages\/4583\/revisions"}],"predecessor-version":[{"id":5914,"href":"https:\/\/financefortomorrow.com\/en\/wp-json\/wp\/v2\/pages\/4583\/revisions\/5914"}],"up":[{"embeddable":true,"href":"https:\/\/financefortomorrow.com\/en\/wp-json\/wp\/v2\/pages\/4577"}],"wp:attachment":[{"href":"https:\/\/financefortomorrow.com\/en\/wp-json\/wp\/v2\/media?parent=4583"}],"curies":[{"name":"wp","href":"https:\/\/api.w.org\/{rel}","templated":true}]}}