{"id":4581,"date":"2023-07-18T11:46:09","date_gmt":"2023-07-18T09:46:09","guid":{"rendered":"https:\/\/institutdelafinancedurable.com\/our-missions\/"},"modified":"2025-07-18T16:17:39","modified_gmt":"2025-07-18T14:17:39","slug":"our-missions","status":"publish","type":"page","link":"https:\/\/financefortomorrow.com\/en\/who-we-are\/our-missions\/","title":{"rendered":"Our missions"},"content":{"rendered":"\t<!-- START OF : Composant : block-periscope-theme-section-composant-14-bloc-contenu-texte.php -->\n<div class=\"container\" data-component=\"14-bloc-contenu-texte\">\n\t\t\t\t<p>The Institut de la Finance Durable&#8217;s mission is to enable the entire Paris financial center to collectively accelerate and promote action on issues relating to the transition to energy, ecology and society. The Institut de la Finance Durable is a forum for synergy and reflection, and a catalyst for action. The ecological transition is both a necessity and an opportunity for the economy: at the confluence of these issues and stakeholders, the IFD&#8217;s fundamental objective is to define a roadmap shared by the Paris financial center. The IFD disseminates its work and its position papers at European and international levels.<\/p>\n<h3>Our missions :<\/h3>\n<ul class=\"offset-lg-1\">\n<li>Propose ways of financing the ecological transition<\/li>\n<li>Federate and accelerate the Paris financial center&#8217;s actions in favor of sustainable finance.<\/li>\n<li>Promote ongoing dialogue between financial institutions, businesses and public authorities to help transform the economy<\/li>\n<li>Promote Paris as an international benchmark for sustainable finance<\/li>\n<\/ul>\n<p>&nbsp;<\/p>\n\t<\/div>\n\t<!-- END OF : Composant : block-periscope-theme-section-composant-14-bloc-contenu-texte.php -->\n\n\n<!-- START OF : Composant : block-periscope-theme-section-composant-bouton.php -->\n\t<div class=\"container text-center\" data-component=\"bouton\">\n\t\t\t\t<a href=\"https:\/\/institutdelafinancedurable.com\/nos-travaux\/?type_groupe=climat\" target=\"_blank\" class=\"btn btn-outline-primary w-100 w-md-auto mb-3 mx-md-1\">Discover all our works<\/a>\n\t\t\t\t\t\t\t<\/div>\n\n<!-- END OF : Composant : block-periscope-theme-section-composant-bouton.php -->\n\n\n\n<div class=\"container\"><div class=\"row\"><div class=\"col-lg-10 offset-lg-1\"><p><\/p><\/div><\/div><\/div>\n","protected":false},"excerpt":{"rendered":"","protected":false},"author":1,"featured_media":0,"parent":4577,"menu_order":1,"comment_status":"closed","ping_status":"closed","template":"","meta":{"_acf_changed":true,"footnotes":""},"class_list":["post-4581","page","type-page","status-publish","hentry"],"acf":[],"yoast_head":"<!-- This site is optimized with the Yoast SEO plugin v23.9 - https:\/\/yoast.com\/wordpress\/plugins\/seo\/ -->\n<title>Aider la transition \u00e9nerg\u00e9tique &amp; la transformation de l\u2019\u00e9conomie - IFD<\/title>\n<meta name=\"description\" content=\"L&#039;IFD a une vocation : permettre \u00e0 l\u2019ensemble de la Place de Paris de passer \u00e0 l\u2019action sur les sujets relatifs \u00e0 la transition \u00e9nerg\u00e9tique et \u00e0 la transformation de l\u2019\u00e9conomie.\" \/>\n<meta name=\"robots\" content=\"index, follow, max-snippet:-1, max-image-preview:large, max-video-preview:-1\" \/>\n<link rel=\"canonical\" href=\"https:\/\/financefortomorrow.com\/en\/wp-json\/wp\/v2\/pages\/4581\/\" \/>\n<meta property=\"og:locale\" content=\"en_US\" \/>\n<meta property=\"og:type\" content=\"article\" \/>\n<meta property=\"og:title\" content=\"Aider la transition \u00e9nerg\u00e9tique &amp; la transformation de l\u2019\u00e9conomie - IFD\" \/>\n<meta property=\"og:description\" content=\"L&#039;IFD a une vocation : permettre \u00e0 l\u2019ensemble de la Place de Paris de passer \u00e0 l\u2019action sur les sujets relatifs \u00e0 la transition \u00e9nerg\u00e9tique et \u00e0 la transformation de l\u2019\u00e9conomie.\" \/>\n<meta property=\"og:url\" content=\"https:\/\/financefortomorrow.com\/en\/who-we-are\/our-missions\/\" \/>\n<meta property=\"og:site_name\" content=\"Institut de la finance durable\" \/>\n<meta property=\"article:modified_time\" content=\"2025-07-18T14:17:39+00:00\" \/>\n<meta name=\"twitter:card\" content=\"summary_large_image\" \/>\n<script type=\"application\/ld+json\" class=\"yoast-schema-graph\">{\"@context\":\"https:\/\/schema.org\",\"@graph\":[{\"@type\":\"WebPage\",\"@id\":\"https:\/\/financefortomorrow.com\/en\/who-we-are\/our-missions\/\",\"url\":\"https:\/\/financefortomorrow.com\/en\/who-we-are\/our-missions\/\",\"name\":\"Aider la transition \u00e9nerg\u00e9tique & la transformation de l\u2019\u00e9conomie - IFD\",\"isPartOf\":{\"@id\":\"https:\/\/institutdelafinancedurable.com\/#website\"},\"datePublished\":\"2023-07-18T09:46:09+00:00\",\"dateModified\":\"2025-07-18T14:17:39+00:00\",\"description\":\"L'IFD a une vocation : permettre \u00e0 l\u2019ensemble de la Place de Paris de passer \u00e0 l\u2019action sur les sujets relatifs \u00e0 la transition \u00e9nerg\u00e9tique et \u00e0 la transformation de l\u2019\u00e9conomie.\",\"breadcrumb\":{\"@id\":\"https:\/\/financefortomorrow.com\/en\/who-we-are\/our-missions\/#breadcrumb\"},\"inLanguage\":\"en-US\",\"potentialAction\":[{\"@type\":\"ReadAction\",\"target\":[\"https:\/\/financefortomorrow.com\/en\/who-we-are\/our-missions\/\"]}]},{\"@type\":\"BreadcrumbList\",\"@id\":\"https:\/\/financefortomorrow.com\/en\/who-we-are\/our-missions\/#breadcrumb\",\"itemListElement\":[{\"@type\":\"ListItem\",\"position\":1,\"name\":\"Accueil\",\"item\":\"https:\/\/institutdelafinancedurable.fr\/en\/\"},{\"@type\":\"ListItem\",\"position\":2,\"name\":\"Who we are\",\"item\":\"https:\/\/institutdelafinancedurable.org\/en\/who-we-are\/\"},{\"@type\":\"ListItem\",\"position\":3,\"name\":\"Our missions\"}]},{\"@type\":\"WebSite\",\"@id\":\"https:\/\/institutdelafinancedurable.com\/#website\",\"url\":\"https:\/\/institutdelafinancedurable.com\/\",\"name\":\"Institut de la finance durable\",\"description\":\"\",\"potentialAction\":[{\"@type\":\"SearchAction\",\"target\":{\"@type\":\"EntryPoint\",\"urlTemplate\":\"https:\/\/institutdelafinancedurable.com\/?s={search_term_string}\"},\"query-input\":{\"@type\":\"PropertyValueSpecification\",\"valueRequired\":true,\"valueName\":\"search_term_string\"}}],\"inLanguage\":\"en-US\"}]}<\/script>\n<!-- \/ Yoast SEO plugin. -->","yoast_head_json":{"title":"Aider la transition \u00e9nerg\u00e9tique & la transformation de l\u2019\u00e9conomie - IFD","description":"L'IFD a une vocation : permettre \u00e0 l\u2019ensemble de la Place de Paris de passer \u00e0 l\u2019action sur les sujets relatifs \u00e0 la transition \u00e9nerg\u00e9tique et \u00e0 la transformation de l\u2019\u00e9conomie.","robots":{"index":"index","follow":"follow","max-snippet":"max-snippet:-1","max-image-preview":"max-image-preview:large","max-video-preview":"max-video-preview:-1"},"canonical":"https:\/\/financefortomorrow.com\/en\/wp-json\/wp\/v2\/pages\/4581\/","og_locale":"en_US","og_type":"article","og_title":"Aider la transition \u00e9nerg\u00e9tique & la transformation de l\u2019\u00e9conomie - IFD","og_description":"L'IFD a une vocation : permettre \u00e0 l\u2019ensemble de la Place de Paris de passer \u00e0 l\u2019action sur les sujets relatifs \u00e0 la transition \u00e9nerg\u00e9tique et \u00e0 la transformation de l\u2019\u00e9conomie.","og_url":"https:\/\/financefortomorrow.com\/en\/who-we-are\/our-missions\/","og_site_name":"Institut de la finance durable","article_modified_time":"2025-07-18T14:17:39+00:00","twitter_card":"summary_large_image","schema":{"@context":"https:\/\/schema.org","@graph":[{"@type":"WebPage","@id":"https:\/\/financefortomorrow.com\/en\/who-we-are\/our-missions\/","url":"https:\/\/financefortomorrow.com\/en\/who-we-are\/our-missions\/","name":"Aider la transition \u00e9nerg\u00e9tique & la transformation de l\u2019\u00e9conomie - IFD","isPartOf":{"@id":"https:\/\/institutdelafinancedurable.com\/#website"},"datePublished":"2023-07-18T09:46:09+00:00","dateModified":"2025-07-18T14:17:39+00:00","description":"L'IFD a une vocation : permettre \u00e0 l\u2019ensemble de la Place de Paris de passer \u00e0 l\u2019action sur les sujets relatifs \u00e0 la transition \u00e9nerg\u00e9tique et \u00e0 la transformation de l\u2019\u00e9conomie.","breadcrumb":{"@id":"https:\/\/financefortomorrow.com\/en\/who-we-are\/our-missions\/#breadcrumb"},"inLanguage":"en-US","potentialAction":[{"@type":"ReadAction","target":["https:\/\/financefortomorrow.com\/en\/who-we-are\/our-missions\/"]}]},{"@type":"BreadcrumbList","@id":"https:\/\/financefortomorrow.com\/en\/who-we-are\/our-missions\/#breadcrumb","itemListElement":[{"@type":"ListItem","position":1,"name":"Accueil","item":"https:\/\/institutdelafinancedurable.fr\/en\/"},{"@type":"ListItem","position":2,"name":"Who we are","item":"https:\/\/institutdelafinancedurable.org\/en\/who-we-are\/"},{"@type":"ListItem","position":3,"name":"Our missions"}]},{"@type":"WebSite","@id":"https:\/\/institutdelafinancedurable.com\/#website","url":"https:\/\/institutdelafinancedurable.com\/","name":"Institut de la finance durable","description":"","potentialAction":[{"@type":"SearchAction","target":{"@type":"EntryPoint","urlTemplate":"https:\/\/institutdelafinancedurable.com\/?s={search_term_string}"},"query-input":{"@type":"PropertyValueSpecification","valueRequired":true,"valueName":"search_term_string"}}],"inLanguage":"en-US"}]}},"_links":{"self":[{"href":"https:\/\/financefortomorrow.com\/en\/wp-json\/wp\/v2\/pages\/4581","targetHints":{"allow":["GET"]}}],"collection":[{"href":"https:\/\/financefortomorrow.com\/en\/wp-json\/wp\/v2\/pages"}],"about":[{"href":"https:\/\/financefortomorrow.com\/en\/wp-json\/wp\/v2\/types\/page"}],"author":[{"embeddable":true,"href":"https:\/\/financefortomorrow.com\/en\/wp-json\/wp\/v2\/users\/1"}],"replies":[{"embeddable":true,"href":"https:\/\/financefortomorrow.com\/en\/wp-json\/wp\/v2\/comments?post=4581"}],"version-history":[{"count":0,"href":"https:\/\/financefortomorrow.com\/en\/wp-json\/wp\/v2\/pages\/4581\/revisions"}],"up":[{"embeddable":true,"href":"https:\/\/financefortomorrow.com\/en\/wp-json\/wp\/v2\/pages\/4577"}],"wp:attachment":[{"href":"https:\/\/financefortomorrow.com\/en\/wp-json\/wp\/v2\/media?parent=4581"}],"curies":[{"name":"wp","href":"https:\/\/api.w.org\/{rel}","templated":true}]}}