{"id":4577,"date":"2023-07-18T11:48:20","date_gmt":"2023-07-18T09:48:20","guid":{"rendered":"https:\/\/institutdelafinancedurable.com\/who-we-are\/"},"modified":"2025-08-19T11:25:59","modified_gmt":"2025-08-19T09:25:59","slug":"who-we-are","status":"publish","type":"page","link":"https:\/\/financefortomorrow.com\/en\/who-we-are\/","title":{"rendered":"Who we are"},"content":{"rendered":"\t<!-- START OF : Composant : block-periscope-theme-section-composant-14-bloc-contenu-texte.php -->\n<div class=\"container\" data-component=\"14-bloc-contenu-texte\">\n\t\t\t\t<p>The Institut de la Finance Durable is a branch of Paris Europlace born of the report <a href=\"https:\/\/presse.economie.gouv.fr\/09-03-2022-yves-perrier-remet-a-bruno-le-maire-un-cadre-dactions-visant-a-guider-les-acteurs-financiers-dans-leur-alignement-avec-laccord-de-paris\/\">&#8216;Making the Paris financial center a benchmark for climate transition: a framework for action (2022)<\/a>&#8216; drafted at the request of the French Ministry of the Economy, Finance and Recovery.<\/p>\n<p>Created in October 2022, the Institut de la Finance Durable aims to coordinate, federate and accelerate the Paris financial center&#8217;s action in terms of sustainable finance. The Institut de la Finance Durable supports the ecological transition and the transformation of the economy towards a low-carbon and sustainable model, aligned with the objectives of the Paris Agreement and the Sustainable Development Goals.<\/p>\n<p>The ecological transition is not only a necessity, but also an opportunity for the economy: at the confluence of these challenges and stakeholders, the Institut de la Finance Durable aims to define concrete tools and proposals shared by all players in the Paris marketplace, and to promote the marketplace&#8217;s actions in the field of sustainable finance.<\/p>\n<p>The Institut de la Finance Durable makes its proposals and positions known to public authorities and regulators at European and international levels. As part of its work and governance, the Institut de la Finance Durable also engages in dialogue with scientists, economists and sector experts.<\/p>\n\t<\/div>\n\t<!-- END OF : Composant : block-periscope-theme-section-composant-14-bloc-contenu-texte.php -->\n\n\n<div class=\"espace pb-4 pb-lg-9\"><\/div>\n\n<!-- START OF : Composant : block-periscope-theme-section-composant-12-bloc-texte-image.php -->\n\n<!-- Image en premier -->\n<div class=\"container\">\n\t<div class=\"row\">\n\t\t\t\t<div class=\"col-lg-4\">\n\t\t\t<div class=\"text-center\">\n\t\t\t\t<img decoding=\"async\" src=\"https:\/\/financefortomorrow.com\/wp-content\/uploads\/2025\/03\/Qui_sommesNous_GOUVERNANCE.png\" width=\"348\" height=\"348\" alt=\"\" loading=\"lazy\" \/>\n\t\t\t<\/div>\n\t\t<\/div>\n\t\t\t\t<div class=\"col-lg-6 offset-lg-1\">\n\t\t\t<div class=\"p-2 p-lg-0\">\n\t\t\t\t\t\t\t\t<h2 class=\"text-primary\">Our governance<\/h2>\n\t\t\t\t\t\t\t\t\t\t\t\t<div class=\"text-l mb-3\">\n\t\t\t\t\t<p>Discover the governance of the Institut de la Finance Durable<\/p>\n\t\t\t\t<\/div>\n\t\t\t\t\t\t\t\t\t\t\t\t\t\t\t\t<a href=\"https:\/\/institutdelafinancedurable.com\/qui-sommes-nous\/notre-gouvernance\/\" target=\"\" class=\"btn btn-outline-primary w-100 w-md-auto\">Read more<\/a>\n\t\t\t\t\t\t\t<\/div>\n\t\t<\/div>\n\t<\/div>\n<\/div>\n<!-- END OF : Composant : block-periscope-theme-section-composant-12-bloc-texte-image.php -->\n\n\n<div class=\"espace pb-4 pb-lg-9\"><\/div>\n\n<!-- START OF : Composant : block-periscope-theme-section-composant-12-bloc-texte-image.php -->\n\n<!-- Image en premier -->\n<div class=\"container\">\n\t<div class=\"row\">\n\t\t\t\t<div class=\"col-lg-4\">\n\t\t\t<div class=\"text-center\">\n\t\t\t\t<img decoding=\"async\" src=\"https:\/\/financefortomorrow.com\/wp-content\/uploads\/2025\/03\/Qui_sommesNousl_MISSION.png\" width=\"348\" height=\"348\" alt=\"\" loading=\"lazy\" \/>\n\t\t\t<\/div>\n\t\t<\/div>\n\t\t\t\t<div class=\"col-lg-6 offset-lg-1\">\n\t\t\t<div class=\"p-2 p-lg-0\">\n\t\t\t\t\t\t\t\t<h2 class=\"text-primary\">Our missions<\/h2>\n\t\t\t\t\t\t\t\t\t\t\t\t<div class=\"text-l mb-3\">\n\t\t\t\t\t<p>Discover the missions of the Institut de la Finance Durable<\/p>\n\t\t\t\t<\/div>\n\t\t\t\t\t\t\t\t\t\t\t\t\t\t\t\t<a href=\"https:\/\/institutdelafinancedurable.com\/qui-sommes-nous\/nos-missions\/\" target=\"\" class=\"btn btn-outline-primary w-100 w-md-auto\">Read more<\/a>\n\t\t\t\t\t\t\t<\/div>\n\t\t<\/div>\n\t<\/div>\n<\/div>\n<!-- END OF : Composant : block-periscope-theme-section-composant-12-bloc-texte-image.php -->\n","protected":false},"excerpt":{"rendered":"","protected":false},"author":1,"featured_media":0,"parent":0,"menu_order":0,"comment_status":"closed","ping_status":"closed","template":"","meta":{"_acf_changed":true,"footnotes":""},"class_list":["post-4577","page","type-page","status-publish","hentry"],"acf":[],"yoast_head":"<!-- This site is optimized with the Yoast SEO plugin v23.9 - https:\/\/yoast.com\/wordpress\/plugins\/seo\/ -->\n<title>Qui sommes-nous ? Nos missions ? Institut de la Finance Durable<\/title>\n<meta name=\"description\" content=\"Notre mission : acc\u00e9l\u00e9rer l\u2019action de la Place financi\u00e8re de Paris pour la r\u00e9alisation de la transition \u00e9nerg\u00e9tique et environnementale\" \/>\n<meta name=\"robots\" content=\"index, follow, max-snippet:-1, max-image-preview:large, max-video-preview:-1\" \/>\n<link rel=\"canonical\" href=\"https:\/\/financefortomorrow.com\/en\/wp-json\/wp\/v2\/pages\/4577\/\" \/>\n<meta property=\"og:locale\" content=\"en_US\" \/>\n<meta property=\"og:type\" content=\"article\" \/>\n<meta property=\"og:title\" content=\"Qui sommes-nous ? Nos missions ? Institut de la Finance Durable\" \/>\n<meta property=\"og:description\" content=\"Notre mission : acc\u00e9l\u00e9rer l\u2019action de la Place financi\u00e8re de Paris pour la r\u00e9alisation de la transition \u00e9nerg\u00e9tique et environnementale\" \/>\n<meta property=\"og:url\" content=\"https:\/\/financefortomorrow.com\/en\/who-we-are\/\" \/>\n<meta property=\"og:site_name\" content=\"Institut de la finance durable\" \/>\n<meta property=\"article:modified_time\" content=\"2025-08-19T09:25:59+00:00\" \/>\n<meta name=\"twitter:card\" content=\"summary_large_image\" \/>\n<script type=\"application\/ld+json\" class=\"yoast-schema-graph\">{\"@context\":\"https:\/\/schema.org\",\"@graph\":[{\"@type\":\"WebPage\",\"@id\":\"https:\/\/financefortomorrow.com\/en\/who-we-are\/\",\"url\":\"https:\/\/financefortomorrow.com\/en\/who-we-are\/\",\"name\":\"Qui sommes-nous ? Nos missions ? Institut de la Finance Durable\",\"isPartOf\":{\"@id\":\"https:\/\/institutdelafinancedurable.com\/#website\"},\"datePublished\":\"2023-07-18T09:48:20+00:00\",\"dateModified\":\"2025-08-19T09:25:59+00:00\",\"description\":\"Notre mission : acc\u00e9l\u00e9rer l\u2019action de la Place financi\u00e8re de Paris pour la r\u00e9alisation de la transition \u00e9nerg\u00e9tique et environnementale\",\"breadcrumb\":{\"@id\":\"https:\/\/financefortomorrow.com\/en\/who-we-are\/#breadcrumb\"},\"inLanguage\":\"en-US\",\"potentialAction\":[{\"@type\":\"ReadAction\",\"target\":[\"https:\/\/financefortomorrow.com\/en\/who-we-are\/\"]}]},{\"@type\":\"BreadcrumbList\",\"@id\":\"https:\/\/financefortomorrow.com\/en\/who-we-are\/#breadcrumb\",\"itemListElement\":[{\"@type\":\"ListItem\",\"position\":1,\"name\":\"Accueil\",\"item\":\"https:\/\/institutdelafinancedurable.fr\/en\/\"},{\"@type\":\"ListItem\",\"position\":2,\"name\":\"Who we are\"}]},{\"@type\":\"WebSite\",\"@id\":\"https:\/\/institutdelafinancedurable.com\/#website\",\"url\":\"https:\/\/institutdelafinancedurable.com\/\",\"name\":\"Institut de la finance durable\",\"description\":\"\",\"potentialAction\":[{\"@type\":\"SearchAction\",\"target\":{\"@type\":\"EntryPoint\",\"urlTemplate\":\"https:\/\/institutdelafinancedurable.com\/?s={search_term_string}\"},\"query-input\":{\"@type\":\"PropertyValueSpecification\",\"valueRequired\":true,\"valueName\":\"search_term_string\"}}],\"inLanguage\":\"en-US\"}]}<\/script>\n<!-- \/ Yoast SEO plugin. -->","yoast_head_json":{"title":"Qui sommes-nous ? Nos missions ? Institut de la Finance Durable","description":"Notre mission : acc\u00e9l\u00e9rer l\u2019action de la Place financi\u00e8re de Paris pour la r\u00e9alisation de la transition \u00e9nerg\u00e9tique et environnementale","robots":{"index":"index","follow":"follow","max-snippet":"max-snippet:-1","max-image-preview":"max-image-preview:large","max-video-preview":"max-video-preview:-1"},"canonical":"https:\/\/financefortomorrow.com\/en\/wp-json\/wp\/v2\/pages\/4577\/","og_locale":"en_US","og_type":"article","og_title":"Qui sommes-nous ? Nos missions ? Institut de la Finance Durable","og_description":"Notre mission : acc\u00e9l\u00e9rer l\u2019action de la Place financi\u00e8re de Paris pour la r\u00e9alisation de la transition \u00e9nerg\u00e9tique et environnementale","og_url":"https:\/\/financefortomorrow.com\/en\/who-we-are\/","og_site_name":"Institut de la finance durable","article_modified_time":"2025-08-19T09:25:59+00:00","twitter_card":"summary_large_image","schema":{"@context":"https:\/\/schema.org","@graph":[{"@type":"WebPage","@id":"https:\/\/financefortomorrow.com\/en\/who-we-are\/","url":"https:\/\/financefortomorrow.com\/en\/who-we-are\/","name":"Qui sommes-nous ? Nos missions ? Institut de la Finance Durable","isPartOf":{"@id":"https:\/\/institutdelafinancedurable.com\/#website"},"datePublished":"2023-07-18T09:48:20+00:00","dateModified":"2025-08-19T09:25:59+00:00","description":"Notre mission : acc\u00e9l\u00e9rer l\u2019action de la Place financi\u00e8re de Paris pour la r\u00e9alisation de la transition \u00e9nerg\u00e9tique et environnementale","breadcrumb":{"@id":"https:\/\/financefortomorrow.com\/en\/who-we-are\/#breadcrumb"},"inLanguage":"en-US","potentialAction":[{"@type":"ReadAction","target":["https:\/\/financefortomorrow.com\/en\/who-we-are\/"]}]},{"@type":"BreadcrumbList","@id":"https:\/\/financefortomorrow.com\/en\/who-we-are\/#breadcrumb","itemListElement":[{"@type":"ListItem","position":1,"name":"Accueil","item":"https:\/\/institutdelafinancedurable.fr\/en\/"},{"@type":"ListItem","position":2,"name":"Who we are"}]},{"@type":"WebSite","@id":"https:\/\/institutdelafinancedurable.com\/#website","url":"https:\/\/institutdelafinancedurable.com\/","name":"Institut de la finance durable","description":"","potentialAction":[{"@type":"SearchAction","target":{"@type":"EntryPoint","urlTemplate":"https:\/\/institutdelafinancedurable.com\/?s={search_term_string}"},"query-input":{"@type":"PropertyValueSpecification","valueRequired":true,"valueName":"search_term_string"}}],"inLanguage":"en-US"}]}},"_links":{"self":[{"href":"https:\/\/financefortomorrow.com\/en\/wp-json\/wp\/v2\/pages\/4577","targetHints":{"allow":["GET"]}}],"collection":[{"href":"https:\/\/financefortomorrow.com\/en\/wp-json\/wp\/v2\/pages"}],"about":[{"href":"https:\/\/financefortomorrow.com\/en\/wp-json\/wp\/v2\/types\/page"}],"author":[{"embeddable":true,"href":"https:\/\/financefortomorrow.com\/en\/wp-json\/wp\/v2\/users\/1"}],"replies":[{"embeddable":true,"href":"https:\/\/financefortomorrow.com\/en\/wp-json\/wp\/v2\/comments?post=4577"}],"version-history":[{"count":0,"href":"https:\/\/financefortomorrow.com\/en\/wp-json\/wp\/v2\/pages\/4577\/revisions"}],"wp:attachment":[{"href":"https:\/\/financefortomorrow.com\/en\/wp-json\/wp\/v2\/media?parent=4577"}],"curies":[{"name":"wp","href":"https:\/\/api.w.org\/{rel}","templated":true}]}}