{"id":4571,"date":"2023-07-18T11:50:32","date_gmt":"2023-07-18T09:50:32","guid":{"rendered":"https:\/\/institutdelafinancedurable.com\/sustainable-finance\/"},"modified":"2025-07-07T16:30:05","modified_gmt":"2025-07-07T14:30:05","slug":"sustainable-finance","status":"publish","type":"page","link":"https:\/\/financefortomorrow.com\/en\/sustainable-finance\/","title":{"rendered":"Sustainable finance"},"content":{"rendered":"\t<!-- START OF : Composant : block-periscope-theme-section-composant-27-a-lanceur-guide-finance-durable.php -->\n<div class=\"section-actu section-actu--27a py-6 py-lg-9\">\n\t<div class=\"container\">\n\t\t\t\t\t\t<div class=\"slider pb-2\">\n\t\t\t\t\t\t\t<div class=\"splide\" data-splide='{\"perPage\":4, \"gap\": 32}'>\n\t\t\t\t\t<div class=\"splide__track\">\n\t\t\t\t\t\t<ul class=\"splide__list list-reset\">\n\t\t\t\t\t\t\t\t\t\t\t\t\t\t\t<li class=\"splide__slide\">\n\t\t\t\t\t\t\t\t\t\r\n<div class=\"card-actu h-100 d-flex flex-lg-column gap-2 bg-white rounded-bottom-4\">\r\n\t<a href=\"https:\/\/financefortomorrow.com\/en\/historique-de-la-finance-durable\/\" class=\"card-actu__img text-center flex-shrink-0 d-block position-relative\">\r\n\t\t\t\t\t<img decoding=\"async\" src=\"https:\/\/financefortomorrow.com\/wp-content\/uploads\/2025\/02\/Historique-337x190.png\" width=\"337\" height=\"198\" alt=\"\" loading=\"lazy\" \/>\r\n\t\t\t\t\t\t\t<\/a>\r\n\t\t<div class=\"p-0 p-lg-2 d-flex flex-column h-100\">\r\n\t\t\t\t\t\t\t\t\t\t\t\t\t\t\t<div class=\"text-xl mb-1 mb-lg-3\">History of sustainable finance<\/div>\r\n\t\t\t\t<a href=\"https:\/\/financefortomorrow.com\/en\/historique-de-la-finance-durable\/\" class=\"d-none d-lg-inline-block btn btn-outline-primary mt-auto\">Read more<\/a>\r\n\t\t<a href=\"https:\/\/financefortomorrow.com\/en\/historique-de-la-finance-durable\/\" class=\"fs-14 fw-bold d-lg-none\">\r\n\t\t\t\t\t\t<svg class=\"me-1\" width=\"7\" height=\"13\">\r\n\t\t\t\t<use xlink:href=\"https:\/\/financefortomorrow.com\/wp-content\/themes\/periscope\/assets\/images\/sprite.svg#ico-chevron\"><\/use>\r\n\t\t\t<\/svg><span>Read more<\/span>\r\n\t\t<\/a>\r\n\t<\/div>\r\n<\/div>\r\n\t\t\t\t\t\t\t\t<\/li>\n\t\t\t\t\t\t\t\t\t\t\t\t\t\t\t<li class=\"splide__slide\">\n\t\t\t\t\t\t\t\t\t\r\n<div class=\"card-actu h-100 d-flex flex-lg-column gap-2 bg-white rounded-bottom-4\">\r\n\t<a href=\"https:\/\/financefortomorrow.com\/en\/sustainable-finance\/operational-tools-for-sustainable-finance\/\" class=\"card-actu__img text-center flex-shrink-0 d-block position-relative\">\r\n\t\t\t\t\t<img decoding=\"async\" src=\"https:\/\/financefortomorrow.com\/wp-content\/uploads\/2025\/02\/OutilsOperationnels-337x190.png\" width=\"337\" height=\"198\" alt=\"\" loading=\"lazy\" \/>\r\n\t\t\t\t\t\t\t<\/a>\r\n\t\t<div class=\"p-0 p-lg-2 d-flex flex-column h-100\">\r\n\t\t\t\t\t\t\t\t\t\t\t\t\t\t\t<div class=\"text-xl mb-1 mb-lg-3\">Operational tools for sustainable finance<\/div>\r\n\t\t<p class=\"d-none d-lg-block\">En parall\u00e8le de ces cadres r\u00e9glementaires, des outils permettent de faciliter op\u00e9rationnellement les d\u00e9marches des acteurs. Ils favorisent la mise en application des normes en accompagnant les entreprises et le secteur financier.<\/p>\t\t<a href=\"https:\/\/financefortomorrow.com\/en\/sustainable-finance\/operational-tools-for-sustainable-finance\/\" class=\"d-none d-lg-inline-block btn btn-outline-primary mt-auto\">Read more<\/a>\r\n\t\t<a href=\"https:\/\/financefortomorrow.com\/en\/sustainable-finance\/operational-tools-for-sustainable-finance\/\" class=\"fs-14 fw-bold d-lg-none\">\r\n\t\t\t\t\t\t<svg class=\"me-1\" width=\"7\" height=\"13\">\r\n\t\t\t\t<use xlink:href=\"https:\/\/financefortomorrow.com\/wp-content\/themes\/periscope\/assets\/images\/sprite.svg#ico-chevron\"><\/use>\r\n\t\t\t<\/svg><span>Read more<\/span>\r\n\t\t<\/a>\r\n\t<\/div>\r\n<\/div>\r\n\t\t\t\t\t\t\t\t<\/li>\n\t\t\t\t\t\t\t\t\t\t\t\t\t\t\t<li class=\"splide__slide\">\n\t\t\t\t\t\t\t\t\t\r\n<div class=\"card-actu h-100 d-flex flex-lg-column gap-2 bg-white rounded-bottom-4\">\r\n\t<a href=\"https:\/\/financefortomorrow.com\/en\/sustainable-finance\/definition-of-sustainable-finance\/\" class=\"card-actu__img text-center flex-shrink-0 d-block position-relative\">\r\n\t\t\t\t\t<img decoding=\"async\" src=\"https:\/\/financefortomorrow.com\/wp-content\/uploads\/2025\/02\/Definition-337x190.png\" width=\"337\" height=\"198\" alt=\"\" loading=\"lazy\" \/>\r\n\t\t\t\t\t\t\t<\/a>\r\n\t\t<div class=\"p-0 p-lg-2 d-flex flex-column h-100\">\r\n\t\t\t\t\t\t\t\t\t\t\t\t\t\t\t<div class=\"text-xl mb-1 mb-lg-3\">Definition of sustainable finance<\/div>\r\n\t\t<p class=\"d-none d-lg-block\">La Finance d\u00e9signe l\u2019ensemble des m\u00e9canismes qui apportent \u00e0 l\u2019\u00e9conomie les capitaux dont elle a besoin pour fonctionner. Son r\u00f4le est d\u2019assurer l\u2019utilisation optimale des ressources afin de contribuer au bon fonctionnement de l\u2019\u00e9conomie.<\/p>\t\t<a href=\"https:\/\/financefortomorrow.com\/en\/sustainable-finance\/definition-of-sustainable-finance\/\" class=\"d-none d-lg-inline-block btn btn-outline-primary mt-auto\">Read more<\/a>\r\n\t\t<a href=\"https:\/\/financefortomorrow.com\/en\/sustainable-finance\/definition-of-sustainable-finance\/\" class=\"fs-14 fw-bold d-lg-none\">\r\n\t\t\t\t\t\t<svg class=\"me-1\" width=\"7\" height=\"13\">\r\n\t\t\t\t<use xlink:href=\"https:\/\/financefortomorrow.com\/wp-content\/themes\/periscope\/assets\/images\/sprite.svg#ico-chevron\"><\/use>\r\n\t\t\t<\/svg><span>Read more<\/span>\r\n\t\t<\/a>\r\n\t<\/div>\r\n<\/div>\r\n\t\t\t\t\t\t\t\t<\/li>\n\t\t\t\t\t\t\t\t\t\t\t\t\t\t\t<li class=\"splide__slide\">\n\t\t\t\t\t\t\t\t\t\r\n<div class=\"card-actu h-100 d-flex flex-lg-column gap-2 bg-white rounded-bottom-4\">\r\n\t<a href=\"https:\/\/financefortomorrow.com\/en\/sustainable-finance\/sustainable-finance-regulations\/\" class=\"card-actu__img text-center flex-shrink-0 d-block position-relative\">\r\n\t\t\t\t\t<img decoding=\"async\" src=\"https:\/\/financefortomorrow.com\/wp-content\/uploads\/2025\/02\/Reglementation-337x190.png\" width=\"337\" height=\"198\" alt=\"\" loading=\"lazy\" \/>\r\n\t\t\t\t\t\t\t<\/a>\r\n\t\t<div class=\"p-0 p-lg-2 d-flex flex-column h-100\">\r\n\t\t\t\t\t\t\t\t\t\t\t\t\t\t\t<div class=\"text-xl mb-1 mb-lg-3\">Sustainable finance regulations<\/div>\r\n\t\t<p class=\"d-none d-lg-block\">La r\u00e9glementation joue un r\u00f4le primordial dans l\u2019harmonisation des bonnes pratiques et l\u2019exclusion des mauvaises. Elle est cruciale pour accompagner l\u2019ensemble du monde financier.<\/p>\t\t<a href=\"https:\/\/financefortomorrow.com\/en\/sustainable-finance\/sustainable-finance-regulations\/\" class=\"d-none d-lg-inline-block btn btn-outline-primary mt-auto\">Read more<\/a>\r\n\t\t<a href=\"https:\/\/financefortomorrow.com\/en\/sustainable-finance\/sustainable-finance-regulations\/\" class=\"fs-14 fw-bold d-lg-none\">\r\n\t\t\t\t\t\t<svg class=\"me-1\" width=\"7\" height=\"13\">\r\n\t\t\t\t<use xlink:href=\"https:\/\/financefortomorrow.com\/wp-content\/themes\/periscope\/assets\/images\/sprite.svg#ico-chevron\"><\/use>\r\n\t\t\t<\/svg><span>Read more<\/span>\r\n\t\t<\/a>\r\n\t<\/div>\r\n<\/div>\r\n\t\t\t\t\t\t\t\t<\/li>\n\t\t\t\t\t\t\t\t\t\t\t\t\t\t\t<li class=\"splide__slide\">\n\t\t\t\t\t\t\t\t\t\r\n<div class=\"card-actu h-100 d-flex flex-lg-column gap-2 bg-white rounded-bottom-4\">\r\n\t<a href=\"https:\/\/financefortomorrow.com\/en\/sustainable-finance\/players-committed-to-sustainable-finance\/\" class=\"card-actu__img text-center flex-shrink-0 d-block position-relative\">\r\n\t\t\t\t\t<img decoding=\"async\" src=\"https:\/\/financefortomorrow.com\/wp-content\/uploads\/2025\/02\/Acteurs-337x190.png\" width=\"337\" height=\"198\" alt=\"\" loading=\"lazy\" \/>\r\n\t\t\t\t\t\t\t<\/a>\r\n\t\t<div class=\"p-0 p-lg-2 d-flex flex-column h-100\">\r\n\t\t\t\t\t\t\t\t\t\t\t\t\t\t\t<div class=\"text-xl mb-1 mb-lg-3\">Players committed to sustainable finance<\/div>\r\n\t\t<p class=\"d-none d-lg-block\">Plusieurs types d\u2019acteurs coexistent au sein de l\u2019\u00e9cosyst\u00e8me de la finance durable.<\/p>\t\t<a href=\"https:\/\/financefortomorrow.com\/en\/sustainable-finance\/players-committed-to-sustainable-finance\/\" class=\"d-none d-lg-inline-block btn btn-outline-primary mt-auto\">Read more<\/a>\r\n\t\t<a href=\"https:\/\/financefortomorrow.com\/en\/sustainable-finance\/players-committed-to-sustainable-finance\/\" class=\"fs-14 fw-bold d-lg-none\">\r\n\t\t\t\t\t\t<svg class=\"me-1\" width=\"7\" height=\"13\">\r\n\t\t\t\t<use xlink:href=\"https:\/\/financefortomorrow.com\/wp-content\/themes\/periscope\/assets\/images\/sprite.svg#ico-chevron\"><\/use>\r\n\t\t\t<\/svg><span>Read more<\/span>\r\n\t\t<\/a>\r\n\t<\/div>\r\n<\/div>\r\n\t\t\t\t\t\t\t\t<\/li>\n\t\t\t\t\t\t\t\t\t\t\t\t\t\t\t<li class=\"splide__slide\">\n\t\t\t\t\t\t\t\t\t\r\n<div class=\"card-actu h-100 d-flex flex-lg-column gap-2 bg-white rounded-bottom-4\">\r\n\t<a href=\"https:\/\/financefortomorrow.com\/en\/?page_id=4576\" class=\"card-actu__img text-center flex-shrink-0 d-block position-relative\">\r\n\t\t\t\t\t<img decoding=\"async\" src=\"https:\/\/financefortomorrow.com\/wp-content\/uploads\/2025\/02\/Defis-337x190.png\" width=\"337\" height=\"198\" alt=\"\" loading=\"lazy\" \/>\r\n\t\t\t\t\t\t\t<\/a>\r\n\t\t<div class=\"p-0 p-lg-2 d-flex flex-column h-100\">\r\n\t\t\t\t\t\t\t\t\t\t\t\t\t\t\t<div class=\"text-xl mb-1 mb-lg-3\">Private: Future challenges for sustainable finance<\/div>\r\n\t\t<p class=\"d-none d-lg-block\">Renforcer, aligner, acc\u00e9l\u00e9rer et faire passer \u00e0 \u00e9chelle : quels sont les grands enjeux \u00e0 venir pour la finance durable ? <\/p>\t\t<a href=\"https:\/\/financefortomorrow.com\/en\/?page_id=4576\" class=\"d-none d-lg-inline-block btn btn-outline-primary mt-auto\">Read more<\/a>\r\n\t\t<a href=\"https:\/\/financefortomorrow.com\/en\/?page_id=4576\" class=\"fs-14 fw-bold d-lg-none\">\r\n\t\t\t\t\t\t<svg class=\"me-1\" width=\"7\" height=\"13\">\r\n\t\t\t\t<use xlink:href=\"https:\/\/financefortomorrow.com\/wp-content\/themes\/periscope\/assets\/images\/sprite.svg#ico-chevron\"><\/use>\r\n\t\t\t<\/svg><span>Read more<\/span>\r\n\t\t<\/a>\r\n\t<\/div>\r\n<\/div>\r\n\t\t\t\t\t\t\t\t<\/li>\n\t\t\t\t\t\t\t\t\t\t\t\t\t<\/ul>\n\t\t\t\t\t<\/div>\n\t\t\t\t\t\t\t\t\t\t<div class=\"splide__arrows splide__arrows--ltr \">\n\t\t\t\t\t\t<button class=\"splide__arrow position-absolute border-0 d-flex align-items-center justify-content-center splide__arrow--prev\" type=\"button\" aria-label=\"Go to last slide\" aria-controls=\"thumbnails-track\">\n\t\t\t\t\t\t\t<svg width=\"22\" height=\"14\">\n\t\t\t\t\t\t\t\t<use xlink:href=\"https:\/\/financefortomorrow.com\/wp-content\/themes\/periscope\/assets\/images\/sprite.svg#arrow-left\"><\/use>\n\t\t\t\t\t\t\t<\/svg>\n\t\t\t\t\t\t<\/button>\n\t\t\t\t\t\t<button class=\"splide__arrow position-absolute border-0 d-flex align-items-center justify-content-center rotate-180 splide__arrow--next\" type=\"button\" aria-label=\"Next slide\" aria-controls=\"thumbnails-track\">\n\t\t\t\t\t\t\t<svg width=\"22\" height=\"14\">\n\t\t\t\t\t\t\t\t<use xlink:href=\"https:\/\/financefortomorrow.com\/wp-content\/themes\/periscope\/assets\/images\/sprite.svg#arrow-left\"><\/use>\n\t\t\t\t\t\t\t<\/svg>\n\t\t\t\t\t\t<\/button>\n\t\t\t\t\t<\/div>\t\t\t\t\n\t\t\t\t<\/div>\n\t\t\t\t\t<\/div>\n\t\t\t<\/div>\n<\/div>\n\t<!-- END OF : Composant : block-periscope-theme-section-composant-27-a-lanceur-guide-finance-durable.php -->\n","protected":false},"excerpt":{"rendered":"Definition, history, players, regulations, tools and future: discover the essentials of sustainable finance.","protected":false},"author":1,"featured_media":0,"parent":0,"menu_order":0,"comment_status":"closed","ping_status":"closed","template":"","meta":{"_acf_changed":false,"footnotes":""},"class_list":["post-4571","page","type-page","status-publish","hentry"],"acf":[],"yoast_head":"<!-- This site is optimized with the Yoast SEO plugin v23.9 - https:\/\/yoast.com\/wordpress\/plugins\/seo\/ -->\n<title>Sustainable finance - Institut de la finance durable<\/title>\n<meta name=\"robots\" content=\"index, follow, max-snippet:-1, max-image-preview:large, max-video-preview:-1\" \/>\n<link rel=\"canonical\" href=\"https:\/\/financefortomorrow.com\/en\/wp-json\/wp\/v2\/pages\/4571\/\" \/>\n<meta property=\"og:locale\" content=\"en_US\" \/>\n<meta property=\"og:type\" content=\"article\" \/>\n<meta property=\"og:title\" content=\"Sustainable finance - Institut de la finance durable\" \/>\n<meta property=\"og:description\" content=\"Definition, history, players, regulations, tools and future: discover the essentials of sustainable finance.\" \/>\n<meta property=\"og:url\" content=\"https:\/\/financefortomorrow.com\/en\/sustainable-finance\/\" \/>\n<meta property=\"og:site_name\" content=\"Institut de la finance durable\" \/>\n<meta property=\"article:modified_time\" content=\"2025-07-07T14:30:05+00:00\" \/>\n<meta name=\"twitter:card\" content=\"summary_large_image\" \/>\n<script type=\"application\/ld+json\" class=\"yoast-schema-graph\">{\"@context\":\"https:\/\/schema.org\",\"@graph\":[{\"@type\":\"WebPage\",\"@id\":\"https:\/\/financefortomorrow.com\/en\/sustainable-finance\/\",\"url\":\"https:\/\/financefortomorrow.com\/en\/sustainable-finance\/\",\"name\":\"Sustainable finance - Institut de la finance durable\",\"isPartOf\":{\"@id\":\"https:\/\/institutdelafinancedurable.com\/#website\"},\"datePublished\":\"2023-07-18T09:50:32+00:00\",\"dateModified\":\"2025-07-07T14:30:05+00:00\",\"breadcrumb\":{\"@id\":\"https:\/\/financefortomorrow.com\/en\/sustainable-finance\/#breadcrumb\"},\"inLanguage\":\"en-US\",\"potentialAction\":[{\"@type\":\"ReadAction\",\"target\":[\"https:\/\/financefortomorrow.com\/en\/sustainable-finance\/\"]}]},{\"@type\":\"BreadcrumbList\",\"@id\":\"https:\/\/financefortomorrow.com\/en\/sustainable-finance\/#breadcrumb\",\"itemListElement\":[{\"@type\":\"ListItem\",\"position\":1,\"name\":\"Accueil\",\"item\":\"https:\/\/institutdelafinancedurable.fr\/en\/\"},{\"@type\":\"ListItem\",\"position\":2,\"name\":\"Sustainable finance\"}]},{\"@type\":\"WebSite\",\"@id\":\"https:\/\/institutdelafinancedurable.com\/#website\",\"url\":\"https:\/\/institutdelafinancedurable.com\/\",\"name\":\"Institut de la finance durable\",\"description\":\"\",\"potentialAction\":[{\"@type\":\"SearchAction\",\"target\":{\"@type\":\"EntryPoint\",\"urlTemplate\":\"https:\/\/institutdelafinancedurable.com\/?s={search_term_string}\"},\"query-input\":{\"@type\":\"PropertyValueSpecification\",\"valueRequired\":true,\"valueName\":\"search_term_string\"}}],\"inLanguage\":\"en-US\"}]}<\/script>\n<!-- \/ Yoast SEO plugin. -->","yoast_head_json":{"title":"Sustainable finance - Institut de la finance durable","robots":{"index":"index","follow":"follow","max-snippet":"max-snippet:-1","max-image-preview":"max-image-preview:large","max-video-preview":"max-video-preview:-1"},"canonical":"https:\/\/financefortomorrow.com\/en\/wp-json\/wp\/v2\/pages\/4571\/","og_locale":"en_US","og_type":"article","og_title":"Sustainable finance - Institut de la finance durable","og_description":"Definition, history, players, regulations, tools and future: discover the essentials of sustainable finance.","og_url":"https:\/\/financefortomorrow.com\/en\/sustainable-finance\/","og_site_name":"Institut de la finance durable","article_modified_time":"2025-07-07T14:30:05+00:00","twitter_card":"summary_large_image","schema":{"@context":"https:\/\/schema.org","@graph":[{"@type":"WebPage","@id":"https:\/\/financefortomorrow.com\/en\/sustainable-finance\/","url":"https:\/\/financefortomorrow.com\/en\/sustainable-finance\/","name":"Sustainable finance - Institut de la finance durable","isPartOf":{"@id":"https:\/\/institutdelafinancedurable.com\/#website"},"datePublished":"2023-07-18T09:50:32+00:00","dateModified":"2025-07-07T14:30:05+00:00","breadcrumb":{"@id":"https:\/\/financefortomorrow.com\/en\/sustainable-finance\/#breadcrumb"},"inLanguage":"en-US","potentialAction":[{"@type":"ReadAction","target":["https:\/\/financefortomorrow.com\/en\/sustainable-finance\/"]}]},{"@type":"BreadcrumbList","@id":"https:\/\/financefortomorrow.com\/en\/sustainable-finance\/#breadcrumb","itemListElement":[{"@type":"ListItem","position":1,"name":"Accueil","item":"https:\/\/institutdelafinancedurable.fr\/en\/"},{"@type":"ListItem","position":2,"name":"Sustainable finance"}]},{"@type":"WebSite","@id":"https:\/\/institutdelafinancedurable.com\/#website","url":"https:\/\/institutdelafinancedurable.com\/","name":"Institut de la finance durable","description":"","potentialAction":[{"@type":"SearchAction","target":{"@type":"EntryPoint","urlTemplate":"https:\/\/institutdelafinancedurable.com\/?s={search_term_string}"},"query-input":{"@type":"PropertyValueSpecification","valueRequired":true,"valueName":"search_term_string"}}],"inLanguage":"en-US"}]}},"_links":{"self":[{"href":"https:\/\/financefortomorrow.com\/en\/wp-json\/wp\/v2\/pages\/4571","targetHints":{"allow":["GET"]}}],"collection":[{"href":"https:\/\/financefortomorrow.com\/en\/wp-json\/wp\/v2\/pages"}],"about":[{"href":"https:\/\/financefortomorrow.com\/en\/wp-json\/wp\/v2\/types\/page"}],"author":[{"embeddable":true,"href":"https:\/\/financefortomorrow.com\/en\/wp-json\/wp\/v2\/users\/1"}],"replies":[{"embeddable":true,"href":"https:\/\/financefortomorrow.com\/en\/wp-json\/wp\/v2\/comments?post=4571"}],"version-history":[{"count":0,"href":"https:\/\/financefortomorrow.com\/en\/wp-json\/wp\/v2\/pages\/4571\/revisions"}],"wp:attachment":[{"href":"https:\/\/financefortomorrow.com\/en\/wp-json\/wp\/v2\/media?parent=4571"}],"curies":[{"name":"wp","href":"https:\/\/api.w.org\/{rel}","templated":true}]}}